{"id":921,"date":"2025-07-10T18:00:07","date_gmt":"2025-07-10T18:00:07","guid":{"rendered":"https:\/\/mundosati.com\/?post_type=product&#038;p=921"},"modified":"2025-07-11T17:49:48","modified_gmt":"2025-07-11T17:49:48","slug":"pc-gaming-i5-14400f","status":"publish","type":"product","link":"https:\/\/mundosati.com\/index.php\/product\/pc-gaming-i5-14400f\/","title":{"rendered":"Pc Gaming i5-14400F"},"content":{"rendered":"<ul>\n<li data-start=\"96\" data-end=\"407\">\n<ul>\n<li data-start=\"134\" data-end=\"549\">\n<p data-start=\"137\" data-end=\"160\"><strong data-start=\"137\" data-end=\"157\">Procesador (CPU)<\/strong>:<\/p>\n<ul data-start=\"164\" data-end=\"549\">\n<li data-start=\"164\" data-end=\"200\">\n<p data-start=\"166\" data-end=\"200\"><strong data-start=\"166\" data-end=\"176\">Modelo<\/strong>: Intel Core i5-14400F<\/p>\n<\/li>\n<li data-start=\"204\" data-end=\"304\">\n<p data-start=\"206\" data-end=\"304\"><strong data-start=\"206\" data-end=\"222\">Arquitectura<\/strong>: 10 n\u00facleos (6 n\u00facleos de alto rendimiento + 4 n\u00facleos de eficiencia), 16 hilos<\/p>\n<\/li>\n<li data-start=\"308\" data-end=\"416\">\n<p data-start=\"310\" data-end=\"416\"><strong data-start=\"310\" data-end=\"329\">Frecuencia base<\/strong>: Aproximadamente 2.6 GHz (con turbo boost de hasta 4.5 GHz, dependiendo de la carga)<\/p>\n<\/li>\n<li data-start=\"420\" data-end=\"549\">\n<p data-start=\"422\" data-end=\"549\"><strong data-start=\"422\" data-end=\"436\">Tecnolog\u00eda<\/strong>: Fabricado con la arquitectura de 10nm (probablemente la arquitectura Raptor Lake, que es de \u00faltima generaci\u00f3n).<\/p>\n<\/li>\n<\/ul>\n<\/li>\n<li data-start=\"551\" data-end=\"782\">\n<p data-start=\"554\" data-end=\"572\"><strong data-start=\"554\" data-end=\"569\">Memoria RAM<\/strong>:<\/p>\n<ul data-start=\"576\" data-end=\"782\">\n<li data-start=\"576\" data-end=\"600\">\n<p data-start=\"578\" data-end=\"600\"><strong data-start=\"578\" data-end=\"591\">Capacidad<\/strong>: 16 GB<\/p>\n<\/li>\n<li data-start=\"604\" data-end=\"622\">\n<p data-start=\"606\" data-end=\"622\"><strong data-start=\"606\" data-end=\"614\">Tipo<\/strong>: DDR4<\/p>\n<\/li>\n<li data-start=\"626\" data-end=\"654\">\n<p data-start=\"628\" data-end=\"654\"><strong data-start=\"628\" data-end=\"642\">Frecuencia<\/strong>: 3200 MHz<\/p>\n<\/li>\n<li data-start=\"658\" data-end=\"782\">\n<p data-start=\"660\" data-end=\"782\"><strong data-start=\"660\" data-end=\"677\">Configuraci\u00f3n<\/strong>: Generalmente en dos m\u00f3dulos de 8 GB, permitiendo el uso del <strong data-start=\"739\" data-end=\"755\">Dual Channel<\/strong> para un mejor rendimiento.<\/p>\n<\/li>\n<\/ul>\n<\/li>\n<li data-start=\"784\" data-end=\"1069\">\n<p data-start=\"787\" data-end=\"808\"><strong data-start=\"787\" data-end=\"805\">Almacenamiento<\/strong>:<\/p>\n<ul data-start=\"812\" data-end=\"1069\">\n<li data-start=\"812\" data-end=\"840\">\n<p data-start=\"814\" data-end=\"840\"><strong data-start=\"814\" data-end=\"822\">Tipo<\/strong>: SSD M.2 (NVMe)<\/p>\n<\/li>\n<li data-start=\"844\" data-end=\"867\">\n<p data-start=\"846\" data-end=\"867\"><strong data-start=\"846\" data-end=\"859\">Capacidad<\/strong>: 1 TB<\/p>\n<\/li>\n<li data-start=\"871\" data-end=\"1069\">\n<p data-start=\"873\" data-end=\"1069\"><strong data-start=\"873\" data-end=\"886\">Velocidad<\/strong>: Lectura\/escritura r\u00e1pida, lo que ofrece tiempos de arranque y carga de aplicaciones muy r\u00e1pidos (probablemente hasta 3500 MB\/s de lectura secuencial, dependiendo del modelo exacto).<\/p>\n<\/li>\n<\/ul>\n<\/li>\n<li data-start=\"1071\" data-end=\"1593\">\n<p data-start=\"1074\" data-end=\"1102\"><strong data-start=\"1074\" data-end=\"1099\">Tarjeta Gr\u00e1fica (GPU)<\/strong>:<\/p>\n<ul data-start=\"1106\" data-end=\"1593\">\n<li data-start=\"1106\" data-end=\"1148\">\n<p data-start=\"1108\" data-end=\"1148\"><strong data-start=\"1108\" data-end=\"1118\">Modelo<\/strong>: NVIDIA GeForce RTX 5060 Ti<\/p>\n<\/li>\n<li data-start=\"1152\" data-end=\"1188\">\n<p data-start=\"1154\" data-end=\"1188\"><strong data-start=\"1154\" data-end=\"1174\">Memoria de Video<\/strong>: 8 GB GDDR6<\/p>\n<\/li>\n<li data-start=\"1192\" data-end=\"1319\">\n<p data-start=\"1194\" data-end=\"1319\"><strong data-start=\"1194\" data-end=\"1210\">Arquitectura<\/strong>: Basada en la arquitectura <strong data-start=\"1238\" data-end=\"1254\">Ada Lovelace<\/strong> (probable, similar a las tarjetas RTX 4000 de la serie moderna).<\/p>\n<\/li>\n<li data-start=\"1323\" data-end=\"1491\">\n<p data-start=\"1325\" data-end=\"1491\"><strong data-start=\"1325\" data-end=\"1340\">Rendimiento<\/strong>: Ideal para jugar en resoluciones 1080p o 1440p con configuraciones gr\u00e1ficas altas, y tambi\u00e9n adecuada para tareas de dise\u00f1o o trabajo con modelos 3D.<\/p>\n<\/li>\n<li data-start=\"1495\" data-end=\"1593\">\n<p data-start=\"1497\" data-end=\"1593\"><strong data-start=\"1497\" data-end=\"1512\">Tecnolog\u00edas<\/strong>: Ray Tracing, DLSS (Deep Learning Super Sampling), y soporte para NVIDIA Reflex.<\/p>\n<\/li>\n<\/ul>\n<\/li>\n<li data-start=\"1595\" data-end=\"1836\">\n<p data-start=\"1598\" data-end=\"1622\"><strong data-start=\"1598\" data-end=\"1619\">Sistema Operativo<\/strong>:<\/p>\n<ul data-start=\"1626\" data-end=\"1836\">\n<li data-start=\"1626\" data-end=\"1657\">\n<p data-start=\"1628\" data-end=\"1657\"><strong data-start=\"1628\" data-end=\"1639\">Versi\u00f3n<\/strong>: Windows 11 Pro<\/p>\n<\/li>\n<li data-start=\"1661\" data-end=\"1836\">\n<p data-start=\"1663\" data-end=\"1836\"><strong data-start=\"1663\" data-end=\"1682\">Caracter\u00edsticas<\/strong>: Sistema operativo optimizado para gamers y multitarea, con soporte para DirectStorage, Auto HDR, y otras funciones mejoradas de rendimiento y seguridad.<\/p>\n<\/li>\n<\/ul>\n<\/li>\n<\/ul>\n<\/li>\n<\/ul>\n","protected":false},"excerpt":{"rendered":"<p>Procesador (CPU): Modelo: Intel Core i5-14400F Arquitectura: 10 n\u00facleos (6 n\u00facleos de alto rendimiento + 4 n\u00facleos de eficiencia), 16 hilos Frecuencia base: Aproximadamente 2.6 GHz (con turbo boost de hasta 4.5 GHz, dependiendo de la carga) Tecnolog\u00eda: Fabricado con la arquitectura de 10nm (probablemente la arquitectura Raptor Lake, que es de \u00faltima generaci\u00f3n). Memoria [&hellip;]<\/p>\n","protected":false},"featured_media":939,"template":"","meta":{"saved_in_kubio":false},"product_cat":[28],"product_tag":[],"class_list":["post-921","product","type-product","status-publish","has-post-thumbnail","hentry","product_cat-ofertas"],"_links":{"self":[{"href":"https:\/\/mundosati.com\/index.php\/wp-json\/wp\/v2\/product\/921","targetHints":{"allow":["GET"]}}],"collection":[{"href":"https:\/\/mundosati.com\/index.php\/wp-json\/wp\/v2\/product"}],"about":[{"href":"https:\/\/mundosati.com\/index.php\/wp-json\/wp\/v2\/types\/product"}],"wp:featuredmedia":[{"embeddable":true,"href":"https:\/\/mundosati.com\/index.php\/wp-json\/wp\/v2\/media\/939"}],"wp:attachment":[{"href":"https:\/\/mundosati.com\/index.php\/wp-json\/wp\/v2\/media?parent=921"}],"wp:term":[{"taxonomy":"product_cat","embeddable":true,"href":"https:\/\/mundosati.com\/index.php\/wp-json\/wp\/v2\/product_cat?post=921"},{"taxonomy":"product_tag","embeddable":true,"href":"https:\/\/mundosati.com\/index.php\/wp-json\/wp\/v2\/product_tag?post=921"}],"curies":[{"name":"wp","href":"https:\/\/api.w.org\/{rel}","templated":true}]}}