{"id":223,"date":"2021-04-15T09:58:46","date_gmt":"2021-04-15T09:58:46","guid":{"rendered":"https:\/\/mundosati.com\/?post_type=product&#038;p=223"},"modified":"2025-07-11T17:49:42","modified_gmt":"2025-07-11T17:49:42","slug":"hp-240-g8-n4020-8gb-128-ssd-w10","status":"publish","type":"product","link":"https:\/\/mundosati.com\/index.php\/product\/hp-240-g8-n4020-8gb-128-ssd-w10\/","title":{"rendered":"Acer EX215-24-R4ZG"},"content":{"rendered":"<ul>\n<li data-start=\"79\" data-end=\"238\">\n<p data-start=\"82\" data-end=\"99\"><strong data-start=\"82\" data-end=\"96\">Procesador<\/strong>:<\/p>\n<ul data-start=\"103\" data-end=\"238\">\n<li data-start=\"103\" data-end=\"136\">\n<p data-start=\"105\" data-end=\"136\"><strong data-start=\"105\" data-end=\"115\">Modelo<\/strong>: AMD Ryzen 5 7520U<\/p>\n<\/li>\n<li data-start=\"140\" data-end=\"238\">\n<p data-start=\"142\" data-end=\"238\"><strong data-start=\"142\" data-end=\"158\">Arquitectura<\/strong>: 4 n\u00facleos y 8 hilos, con un rango de velocidad de hasta 4.3 GHz en modo Turbo.<\/p>\n<\/li>\n<\/ul>\n<\/li>\n<li data-start=\"240\" data-end=\"438\">\n<p data-start=\"243\" data-end=\"261\"><strong data-start=\"243\" data-end=\"258\">Memoria RAM<\/strong>:<\/p>\n<ul data-start=\"265\" data-end=\"438\">\n<li data-start=\"265\" data-end=\"289\">\n<p data-start=\"267\" data-end=\"289\"><strong data-start=\"267\" data-end=\"280\">Capacidad<\/strong>: 16 GB<\/p>\n<\/li>\n<li data-start=\"372\" data-end=\"438\">\n<p data-start=\"374\" data-end=\"438\"><strong data-start=\"374\" data-end=\"387\">Velocidad<\/strong>: 4800 MHz (dependiendo del tipo exacto de memoria)<\/p>\n<\/li>\n<\/ul>\n<\/li>\n<li data-start=\"440\" data-end=\"583\">\n<p data-start=\"443\" data-end=\"464\"><strong data-start=\"443\" data-end=\"461\">Almacenamiento<\/strong>:<\/p>\n<ul data-start=\"468\" data-end=\"583\">\n<li data-start=\"468\" data-end=\"485\">\n<p data-start=\"470\" data-end=\"485\"><strong data-start=\"470\" data-end=\"478\">Tipo<\/strong>: SSD<\/p>\n<\/li>\n<li data-start=\"489\" data-end=\"514\">\n<p data-start=\"491\" data-end=\"514\"><strong data-start=\"491\" data-end=\"504\">Capacidad<\/strong>: 512 GB<\/p>\n<\/li>\n<li data-start=\"518\" data-end=\"583\">\n<p data-start=\"520\" data-end=\"583\"><strong data-start=\"520\" data-end=\"534\">Tecnolog\u00eda<\/strong>: NVMe (probable, por el rendimiento y velocidad)<\/p>\n<\/li>\n<\/ul>\n<\/li>\n<li data-start=\"585\" data-end=\"814\">\n<p data-start=\"588\" data-end=\"608\"><strong data-start=\"588\" data-end=\"605\">Unidad \u00d3ptica<\/strong>:<\/p>\n<ul data-start=\"612\" data-end=\"814\">\n<li data-start=\"612\" data-end=\"814\">\n<p data-start=\"614\" data-end=\"814\">Este modelo <strong data-start=\"626\" data-end=\"652\">no tiene unidad \u00f3ptica<\/strong> (CD\/DVD), ya que la mayor\u00eda de los port\u00e1tiles modernos han dejado de incluirlas debido a la tendencia hacia la digitalizaci\u00f3n y el uso de almacenamiento externo.<\/p>\n<\/li>\n<\/ul>\n<\/li>\n<\/ul>\n<p><strong>Sistema operativo<\/strong> Windows 11 Home 64 Bits<\/p>\n","protected":false},"excerpt":{"rendered":"<p>Procesador: Modelo: AMD Ryzen 5 7520U Arquitectura: 4 n\u00facleos y 8 hilos, con un rango de velocidad de hasta 4.3 GHz en modo Turbo. Memoria RAM: Capacidad: 16 GB Velocidad: 4800 MHz (dependiendo del tipo exacto de memoria) Almacenamiento: Tipo: SSD Capacidad: 512 GB Tecnolog\u00eda: NVMe (probable, por el rendimiento y velocidad) Unidad \u00d3ptica: Este [&hellip;]<\/p>\n","protected":false},"featured_media":940,"template":"","meta":{"saved_in_kubio":false},"product_cat":[28],"product_tag":[],"class_list":["post-223","product","type-product","status-publish","has-post-thumbnail","hentry","product_cat-ofertas"],"_links":{"self":[{"href":"https:\/\/mundosati.com\/index.php\/wp-json\/wp\/v2\/product\/223","targetHints":{"allow":["GET"]}}],"collection":[{"href":"https:\/\/mundosati.com\/index.php\/wp-json\/wp\/v2\/product"}],"about":[{"href":"https:\/\/mundosati.com\/index.php\/wp-json\/wp\/v2\/types\/product"}],"wp:featuredmedia":[{"embeddable":true,"href":"https:\/\/mundosati.com\/index.php\/wp-json\/wp\/v2\/media\/940"}],"wp:attachment":[{"href":"https:\/\/mundosati.com\/index.php\/wp-json\/wp\/v2\/media?parent=223"}],"wp:term":[{"taxonomy":"product_cat","embeddable":true,"href":"https:\/\/mundosati.com\/index.php\/wp-json\/wp\/v2\/product_cat?post=223"},{"taxonomy":"product_tag","embeddable":true,"href":"https:\/\/mundosati.com\/index.php\/wp-json\/wp\/v2\/product_tag?post=223"}],"curies":[{"name":"wp","href":"https:\/\/api.w.org\/{rel}","templated":true}]}}