{"id":167,"date":"2021-04-14T17:22:25","date_gmt":"2021-04-14T17:22:25","guid":{"rendered":"https:\/\/mundosati.com\/?post_type=product&#038;p=167"},"modified":"2025-07-11T17:49:35","modified_gmt":"2025-07-11T17:49:35","slug":"smartp-xiaomi-redmi-9a","status":"publish","type":"product","link":"https:\/\/mundosati.com\/index.php\/product\/smartp-xiaomi-redmi-9a\/","title":{"rendered":"Disco Ext Toshiba 2.5&#8243; 1Tb USB 2.0\/3.0"},"content":{"rendered":"<ul>\n<li data-start=\"85\" data-end=\"158\">\n<p data-start=\"88\" data-end=\"122\"><strong data-start=\"88\" data-end=\"119\">Capacidad de almacenamiento<\/strong>:<\/p>\n<ul data-start=\"126\" data-end=\"158\">\n<li data-start=\"126\" data-end=\"158\">\n<p data-start=\"128\" data-end=\"158\"><strong data-start=\"128\" data-end=\"141\">Capacidad<\/strong>: 1 TB (Terabyte)<\/p>\n<\/li>\n<\/ul>\n<\/li>\n<li data-start=\"160\" data-end=\"225\">\n<p data-start=\"163\" data-end=\"184\"><strong data-start=\"163\" data-end=\"181\">Tipo de unidad<\/strong>:<\/p>\n<ul data-start=\"188\" data-end=\"225\">\n<li data-start=\"188\" data-end=\"225\">\n<p data-start=\"190\" data-end=\"225\"><strong data-start=\"190\" data-end=\"198\">Tipo<\/strong>: HDD (Disco duro mec\u00e1nico)<\/p>\n<\/li>\n<\/ul>\n<\/li>\n<li data-start=\"227\" data-end=\"421\">\n<p data-start=\"230\" data-end=\"249\"><strong data-start=\"230\" data-end=\"246\">Conectividad<\/strong>:<\/p>\n<ul data-start=\"253\" data-end=\"421\">\n<li data-start=\"253\" data-end=\"299\">\n<p data-start=\"255\" data-end=\"299\"><strong data-start=\"255\" data-end=\"269\">Puerto USB<\/strong>: Compatible con USB 2.0 y 3.0<\/p>\n<\/li>\n<li data-start=\"303\" data-end=\"421\">\n<p data-start=\"305\" data-end=\"338\"><strong data-start=\"305\" data-end=\"335\">Velocidad de transferencia<\/strong>:<\/p>\n<ul data-start=\"344\" data-end=\"421\">\n<li data-start=\"344\" data-end=\"386\">\n<p data-start=\"346\" data-end=\"386\"><strong data-start=\"346\" data-end=\"357\">USB 3.0<\/strong>: Hasta 5 Gbps (te\u00f3ricamente)<\/p>\n<\/li>\n<li data-start=\"392\" data-end=\"421\">\n<p data-start=\"394\" data-end=\"421\"><strong data-start=\"394\" data-end=\"405\">USB 2.0<\/strong>: Hasta 480 Mbps<\/p>\n<\/li>\n<\/ul>\n<\/li>\n<\/ul>\n<\/li>\n<li data-start=\"423\" data-end=\"508\">\n<p data-start=\"426\" data-end=\"439\"><strong data-start=\"426\" data-end=\"436\">Tama\u00f1o<\/strong>:<\/p>\n<ul data-start=\"443\" data-end=\"508\">\n<li data-start=\"443\" data-end=\"504\">\n<p data-start=\"445\" data-end=\"504\"><strong data-start=\"445\" data-end=\"455\">Tama\u00f1o<\/strong>: 2.5&#8243; (tama\u00f1o compacto, ideal para portabilidad)<\/p>\n<\/li>\n<\/ul>\n<\/li>\n<li data-start=\"509\" data-end=\"706\">\n<p data-start=\"512\" data-end=\"533\"><strong data-start=\"512\" data-end=\"530\">Compatibilidad<\/strong>:<\/p>\n<ul data-start=\"537\" data-end=\"706\">\n<li data-start=\"537\" data-end=\"702\">\n<p data-start=\"539\" data-end=\"702\"><strong data-start=\"539\" data-end=\"562\">Sistemas operativos<\/strong>: Compatible con Windows, macOS y otros sistemas operativos mediante el formato de disco adecuado (puede requerir formato en algunos casos).<\/p>\n<\/li>\n<\/ul>\n<\/li>\n<li data-start=\"707\" data-end=\"905\">\n<p data-start=\"710\" data-end=\"723\"><strong data-start=\"710\" data-end=\"720\">Dise\u00f1o<\/strong>:<\/p>\n<ul data-start=\"727\" data-end=\"905\">\n<li data-start=\"727\" data-end=\"811\">\n<p data-start=\"729\" data-end=\"811\"><strong data-start=\"729\" data-end=\"738\">Color<\/strong>: Generalmente disponible en negro (aunque puede variar seg\u00fan la versi\u00f3n)<\/p>\n<\/li>\n<li data-start=\"815\" data-end=\"905\">\n<p data-start=\"817\" data-end=\"905\"><strong data-start=\"817\" data-end=\"825\">Peso<\/strong>: Ligero y f\u00e1cil de transportar, con dise\u00f1o compacto ideal para la portabilidad.<\/p>\n<\/li>\n<\/ul>\n<\/li>\n<\/ul>\n","protected":false},"excerpt":{"rendered":"<p>Capacidad de almacenamiento: Capacidad: 1 TB (Terabyte) Tipo de unidad: Tipo: HDD (Disco duro mec\u00e1nico) Conectividad: Puerto USB: Compatible con USB 2.0 y 3.0 Velocidad de transferencia: USB 3.0: Hasta 5 Gbps (te\u00f3ricamente) USB 2.0: Hasta 480 Mbps Tama\u00f1o: Tama\u00f1o: 2.5&#8243; (tama\u00f1o compacto, ideal para portabilidad) Compatibilidad: Sistemas operativos: Compatible con Windows, macOS y otros [&hellip;]<\/p>\n","protected":false},"featured_media":942,"template":"","meta":{"saved_in_kubio":false},"product_cat":[28],"product_tag":[],"class_list":["post-167","product","type-product","status-publish","has-post-thumbnail","hentry","product_cat-ofertas"],"_links":{"self":[{"href":"https:\/\/mundosati.com\/index.php\/wp-json\/wp\/v2\/product\/167","targetHints":{"allow":["GET"]}}],"collection":[{"href":"https:\/\/mundosati.com\/index.php\/wp-json\/wp\/v2\/product"}],"about":[{"href":"https:\/\/mundosati.com\/index.php\/wp-json\/wp\/v2\/types\/product"}],"wp:featuredmedia":[{"embeddable":true,"href":"https:\/\/mundosati.com\/index.php\/wp-json\/wp\/v2\/media\/942"}],"wp:attachment":[{"href":"https:\/\/mundosati.com\/index.php\/wp-json\/wp\/v2\/media?parent=167"}],"wp:term":[{"taxonomy":"product_cat","embeddable":true,"href":"https:\/\/mundosati.com\/index.php\/wp-json\/wp\/v2\/product_cat?post=167"},{"taxonomy":"product_tag","embeddable":true,"href":"https:\/\/mundosati.com\/index.php\/wp-json\/wp\/v2\/product_tag?post=167"}],"curies":[{"name":"wp","href":"https:\/\/api.w.org\/{rel}","templated":true}]}}