{"id":150,"date":"2021-04-14T16:42:58","date_gmt":"2021-04-14T16:42:58","guid":{"rendered":"https:\/\/mundosati.com\/?post_type=product&#038;p=150"},"modified":"2025-07-11T17:49:20","modified_gmt":"2025-07-11T17:49:20","slug":"huawei-matebook","status":"publish","type":"product","link":"https:\/\/mundosati.com\/index.php\/product\/huawei-matebook\/","title":{"rendered":"Monitor NILOX 27&#8243; IPS FHD VGA HDMI Negro (NXM27FHD03)"},"content":{"rendered":"<ul>\n<li data-start=\"96\" data-end=\"407\">\n<p data-start=\"99\" data-end=\"114\"><strong data-start=\"99\" data-end=\"111\">Pantalla<\/strong>:<\/p>\n<ul data-start=\"118\" data-end=\"407\">\n<li data-start=\"118\" data-end=\"143\">\n<p data-start=\"120\" data-end=\"143\"><strong data-start=\"120\" data-end=\"130\">Tama\u00f1o<\/strong>: 27 pulgadas<\/p>\n<\/li>\n<li data-start=\"147\" data-end=\"194\">\n<p data-start=\"149\" data-end=\"194\"><strong data-start=\"149\" data-end=\"166\">Tipo de panel<\/strong>: IPS (In-Plane Switching)<\/p>\n<\/li>\n<li data-start=\"198\" data-end=\"245\">\n<p data-start=\"200\" data-end=\"245\"><strong data-start=\"200\" data-end=\"214\">Resoluci\u00f3n<\/strong>: Full HD (1920 x 1080 p\u00edxeles)<\/p>\n<\/li>\n<li data-start=\"249\" data-end=\"280\">\n<p data-start=\"251\" data-end=\"280\"><strong data-start=\"251\" data-end=\"274\">Relaci\u00f3n de aspecto<\/strong>: 16:9<\/p>\n<\/li>\n<li data-start=\"284\" data-end=\"407\">\n<p data-start=\"286\" data-end=\"407\"><strong data-start=\"286\" data-end=\"307\">\u00c1ngulos de visi\u00f3n<\/strong>: Amplios, gracias a la tecnolog\u00eda IPS, ofreciendo colores consistentes desde casi cualquier \u00e1ngulo.<\/p>\n<\/li>\n<\/ul>\n<\/li>\n<li data-start=\"409\" data-end=\"661\">\n<p data-start=\"412\" data-end=\"431\"><strong data-start=\"412\" data-end=\"428\">Conectividad<\/strong>:<\/p>\n<ul data-start=\"435\" data-end=\"661\">\n<li data-start=\"435\" data-end=\"661\">\n<p data-start=\"437\" data-end=\"452\"><strong data-start=\"437\" data-end=\"449\">Entradas<\/strong>:<\/p>\n<ul data-start=\"458\" data-end=\"661\">\n<li data-start=\"458\" data-end=\"527\">\n<p data-start=\"460\" data-end=\"527\"><strong data-start=\"460\" data-end=\"467\">VGA<\/strong>: Para dispositivos m\u00e1s antiguos o conexiones de bajo costo.<\/p>\n<\/li>\n<li data-start=\"533\" data-end=\"657\">\n<p data-start=\"535\" data-end=\"657\"><strong data-start=\"535\" data-end=\"543\">HDMI<\/strong>: Para una calidad de imagen superior, compatible con la mayor\u00eda de dispositivos modernos (consolas, PC, laptops).<\/p>\n<\/li>\n<\/ul>\n<\/li>\n<\/ul>\n<\/li>\n<li data-start=\"662\" data-end=\"890\">\n<p data-start=\"665\" data-end=\"699\"><strong data-start=\"665\" data-end=\"696\">Frecuencia de actualizaci\u00f3n<\/strong>:<\/p>\n<ul data-start=\"703\" data-end=\"890\">\n<li data-start=\"703\" data-end=\"890\">\n<p data-start=\"705\" data-end=\"890\"><strong data-start=\"705\" data-end=\"725\">Tasa de refresco<\/strong>: 75 Hz (ideal para trabajos de oficina, navegaci\u00f3n web, y algunos juegos casuales, aunque no es tan alto como monitores de 144 Hz o 240 Hz para gaming competitivo).<\/p>\n<\/li>\n<\/ul>\n<\/li>\n<li data-start=\"892\" data-end=\"1181\">\n<p data-start=\"895\" data-end=\"918\"><strong data-start=\"895\" data-end=\"915\">Brillo y colores<\/strong>:<\/p>\n<ul data-start=\"922\" data-end=\"1181\">\n<li data-start=\"922\" data-end=\"1039\">\n<p data-start=\"924\" data-end=\"1039\"><strong data-start=\"924\" data-end=\"934\">Brillo<\/strong>: Aproximadamente 250 nits (dependiendo del modelo exacto, lo que es adecuado para un uso en interiores).<\/p>\n<\/li>\n<li data-start=\"1043\" data-end=\"1181\">\n<p data-start=\"1045\" data-end=\"1181\"><strong data-start=\"1045\" data-end=\"1067\">Cobertura de color<\/strong>: 99% sRGB (aproximadamente, lo que asegura una buena representaci\u00f3n de colores en tareas generales y multimedia).<\/p>\n<\/li>\n<\/ul>\n<\/li>\n<\/ul>\n","protected":false},"excerpt":{"rendered":"<p>Pantalla: Tama\u00f1o: 27 pulgadas Tipo de panel: IPS (In-Plane Switching) Resoluci\u00f3n: Full HD (1920 x 1080 p\u00edxeles) Relaci\u00f3n de aspecto: 16:9 \u00c1ngulos de visi\u00f3n: Amplios, gracias a la tecnolog\u00eda IPS, ofreciendo colores consistentes desde casi cualquier \u00e1ngulo. Conectividad: Entradas: VGA: Para dispositivos m\u00e1s antiguos o conexiones de bajo costo. HDMI: Para una calidad de imagen [&hellip;]<\/p>\n","protected":false},"featured_media":943,"template":"","meta":{"saved_in_kubio":false},"product_cat":[28],"product_tag":[],"class_list":["post-150","product","type-product","status-publish","has-post-thumbnail","hentry","product_cat-ofertas"],"_links":{"self":[{"href":"https:\/\/mundosati.com\/index.php\/wp-json\/wp\/v2\/product\/150","targetHints":{"allow":["GET"]}}],"collection":[{"href":"https:\/\/mundosati.com\/index.php\/wp-json\/wp\/v2\/product"}],"about":[{"href":"https:\/\/mundosati.com\/index.php\/wp-json\/wp\/v2\/types\/product"}],"wp:featuredmedia":[{"embeddable":true,"href":"https:\/\/mundosati.com\/index.php\/wp-json\/wp\/v2\/media\/943"}],"wp:attachment":[{"href":"https:\/\/mundosati.com\/index.php\/wp-json\/wp\/v2\/media?parent=150"}],"wp:term":[{"taxonomy":"product_cat","embeddable":true,"href":"https:\/\/mundosati.com\/index.php\/wp-json\/wp\/v2\/product_cat?post=150"},{"taxonomy":"product_tag","embeddable":true,"href":"https:\/\/mundosati.com\/index.php\/wp-json\/wp\/v2\/product_tag?post=150"}],"curies":[{"name":"wp","href":"https:\/\/api.w.org\/{rel}","templated":true}]}}